{"id":180,"date":"2016-08-22T08:59:56","date_gmt":"2016-08-22T08:59:56","guid":{"rendered":"http:\/\/localhost:8888\/moving2madrid\/fr\/about\/"},"modified":"2017-09-05T11:45:49","modified_gmt":"2017-09-05T11:45:49","slug":"lentreprise-de-recherche-de-propriete-a-madrid","status":"publish","type":"page","link":"https:\/\/moving2madrid.com\/fr\/lentreprise-de-recherche-de-propriete-a-madrid\/","title":{"rendered":"L&rsquo;entreprise de recherche de propri\u00e9t\u00e9 \u00e0 Madrid"},"content":{"rendered":"<p>Nous croyons aux internationaux comme vous. Comme nous.<\/p>\n<p>Et la fa\u00e7on dont nous aidons les internationaux c&rsquo;est : <strong> partager tout ce que nous savons<\/strong> (d&rsquo;o\u00f9 le blog), <strong>relever le d\u00e9fi d&rsquo;un statut quo local<\/strong> et finalement <strong>servir les gens qui vivent \u00e0 l&rsquo;internationale en \u00e9tant 100% internationaux nous-m\u00eame<\/strong> ( voir la <span style=\"color: #1155cc;\" data-sheets-value=\"[null,2,&quot;Pr\\u00e9sentation de l'\\u00e9quipe&quot;]\" data-sheets-userformat=\"[null,null,1049089,[null,0],null,null,null,null,null,null,null,null,0,null,null,null,null,null,null,null,null,null,null,1]\" data-sheets-formula=\"=HYPERLINK(&quot;https:\/\/moving2madrid.com\/fr\/votre-equipe\/&quot;;&quot;Pr\u00e9sentation de l'\u00e9quipe&quot;)\"><a class=\"in-cell-link\" href=\"https:\/\/moving2madrid.com\/fr\/votre-equipe\/\" target=\"_blank\" rel=\"noopener\">Pr\u00e9sentation de l&rsquo;\u00e9quipe<\/a><\/span>).<\/p>\n<p>Nous voulons permettre aux internationaux de s&rsquo;installer \u00e0 Madrid de fa\u00e7on zen, en trouvant la maison de leurs r\u00eaves. Vous \u00eates int\u00e9ress\u00e9s ? Continuez \u00e0 lire !<\/p>\n<h3>Nous sommes \u00e0 100% de votre c\u00f4t\u00e9.<\/h3>\n<div>\n<ul>\n<li>Un \u00e9quipe \u00e0 100% internationale- Toute notre \u00e9quipe a connu la difficult\u00e9 de s&rsquo;installer \u00e0 Madrid.<\/li>\n<li>Des clients 100% internationaux- Nous vous comprenons et savons que vous en avez marre que les locaux prennent l&rsquo;avantage sur votre manque de connaissance des conditions locales.<\/li>\n<li>A 100% avec les locataires et les acheteurs- Nous refusons de travailler ou de prendre une commission aux vendeurs ou propri\u00e9taires.<\/li>\n<\/ul>\n<p><strong>Moving2Madrid<\/strong> est la seule entreprise de recherche de propri\u00e9t\u00e9 faite <strong>par des citoyens du monde pour des citoyens du monde<\/strong>, fournissant un package de frais tout inclus dans la recherche de propri\u00e9t\u00e9s. (Voir notre <span style=\"color: #1155cc;\" data-sheets-value=\"[null,2,&quot;Offre &quot;]\" data-sheets-userformat=\"[null,null,1049089,[null,0],null,null,null,null,null,null,null,null,0,null,null,null,null,null,null,null,null,null,null,1]\" data-sheets-formula=\"=HYPERLINK(&quot;https:\/\/moving2madrid.com\/fr\/offre\/&quot;;&quot;Offre &quot;)\"><a class=\"in-cell-link\" href=\"https:\/\/moving2madrid.com\/fr\/offre\/\" target=\"_blank\" rel=\"noopener\">Offre<\/a> <span style=\"color: #333333;\">)<\/span><\/span><\/p>\n<p>C&rsquo;est aussi la seule entreprise qui est d\u00e9di\u00e9e aux acheteurs et locataires- toujours de votre c\u00f4t\u00e9, jamais de celui des agents immobiliers ou des vendeurs.<\/p>\n<p><em>Nous avons aussi connu cette exp\u00e9rience, et adorons Madrid.<\/em><\/p>\n<h3>Eux aussi le disent.<\/h3>\n<p>On ne parle de nous que dans les m\u00e9dias internationaux :<strong> The Telegraph<\/strong> (3\u00e8me journal britannique), <strong>HGTV&rsquo;s House Hunters International<\/strong> (1\u00e8re cha\u00eene tv sur l&rsquo;immobilier), <strong>L&rsquo;Express<\/strong> (France) et <strong>El Mundo<\/strong> (2nd journal le plus lu en Espagne) ou <strong>EsRadio<\/strong> (radio nationale en Espagne).<\/p>\n<p>Cependant, notre plus grande fiert\u00e9 est comment nos clients nous notent sur les plateformes de recherche comme <strong>Google<\/strong> : Ils nous donne en moyenne 9\/10, ou 4,5 \u00e9toiles sur 5 sur google.<\/p>\n<p>Comme vous, ce sont des gens internationaux de tous les horizons, et des employ\u00e9s d&rsquo;entreprises telles que : La banque <strong>Santander, l&rsquo;US Navy, Citigroup, RBS, Gartner, Sun, Ebay, L&rsquo;agence spatiale europ\u00e9enne , Renault, CEPSA, Johnson &amp; Johnson etc&#8230;<\/strong><\/p>\n<\/div>\n<div><\/div>\n<div><\/div>\n","protected":false},"excerpt":{"rendered":"<p>Nous croyons aux internationaux comme vous. Comme nous. Et la fa\u00e7on dont nous aidons les [&hellip;]<\/p>\n","protected":false},"author":1,"featured_media":8320,"parent":0,"menu_order":0,"comment_status":"closed","ping_status":"closed","template":"","meta":{"_acf_changed":false,"footnotes":""},"class_list":["post-180","page","type-page","status-publish","has-post-thumbnail","hentry"],"acf":[],"yoast_head":"<meta name=\"robots\" content=\"index, follow, max-snippet:-1, max-image-preview:large, max-video-preview:-1\" \/>\n<link rel=\"canonical\" href=\"https:\/\/moving2madrid.com\/fr\/lentreprise-de-recherche-de-propriete-a-madrid\/\" \/>\n<meta property=\"og:locale\" content=\"fr_FR\" \/>\n<meta property=\"og:type\" content=\"article\" \/>\n<meta property=\"og:title\" content=\"L&#039;entreprise de recherche de propri\u00e9t\u00e9 \u00e0 Madrid - Moving2Madrid\" \/>\n<meta property=\"og:description\" content=\"Nous croyons aux internationaux comme vous. Comme nous. Et la fa\u00e7on dont nous aidons les [&hellip;]\" \/>\n<meta property=\"og:url\" content=\"https:\/\/moving2madrid.com\/fr\/lentreprise-de-recherche-de-propriete-a-madrid\/\" \/>\n<meta property=\"og:site_name\" content=\"Moving2Madrid\" \/>\n<meta property=\"article:modified_time\" content=\"2017-09-05T11:45:49+00:00\" \/>\n<meta property=\"og:image\" content=\"https:\/\/moving2madrid.com\/wp-content\/uploads\/2016\/08\/Captura-de-pantalla-2017-09-05-a-las-13.44.02.png\" \/>\n\t<meta property=\"og:image:width\" content=\"1416\" \/>\n\t<meta property=\"og:image:height\" content=\"613\" \/>\n<meta name=\"twitter:card\" content=\"summary_large_image\" \/>\n<script type=\"application\/ld+json\" class=\"yoast-schema-graph\">{\"@context\":\"https:\/\/schema.org\",\"@graph\":[{\"@type\":\"WebSite\",\"@id\":\"https:\/\/moving2madrid.com\/fr\/#website\",\"url\":\"https:\/\/moving2madrid.com\/fr\/\",\"name\":\"Moving2Madrid\",\"description\":\"Madrid Property Search &amp; Investment for Expats\",\"potentialAction\":[{\"@type\":\"SearchAction\",\"target\":\"https:\/\/moving2madrid.com\/fr\/?s={search_term_string}\",\"query-input\":\"required name=search_term_string\"}],\"inLanguage\":\"fr-FR\"},{\"@type\":\"ImageObject\",\"@id\":\"https:\/\/moving2madrid.com\/fr\/lentreprise-de-recherche-de-propriete-a-madrid\/#primaryimage\",\"inLanguage\":\"fr-FR\",\"url\":\"https:\/\/moving2madrid.com\/wp-content\/uploads\/2016\/08\/Captura-de-pantalla-2017-09-05-a-las-13.44.02.png\",\"width\":1416,\"height\":613},{\"@type\":\"WebPage\",\"@id\":\"https:\/\/moving2madrid.com\/fr\/lentreprise-de-recherche-de-propriete-a-madrid\/#webpage\",\"url\":\"https:\/\/moving2madrid.com\/fr\/lentreprise-de-recherche-de-propriete-a-madrid\/\",\"name\":\"L'entreprise de recherche de propri\\u00e9t\\u00e9 \\u00e0 Madrid - Moving2Madrid\",\"isPartOf\":{\"@id\":\"https:\/\/moving2madrid.com\/fr\/#website\"},\"primaryImageOfPage\":{\"@id\":\"https:\/\/moving2madrid.com\/fr\/lentreprise-de-recherche-de-propriete-a-madrid\/#primaryimage\"},\"datePublished\":\"2016-08-22T08:59:56+00:00\",\"dateModified\":\"2017-09-05T11:45:49+00:00\",\"inLanguage\":\"fr-FR\",\"potentialAction\":[{\"@type\":\"ReadAction\",\"target\":[\"https:\/\/moving2madrid.com\/fr\/lentreprise-de-recherche-de-propriete-a-madrid\/\"]}]}]}<\/script>","_links":{"self":[{"href":"https:\/\/moving2madrid.com\/fr\/wp-json\/wp\/v2\/pages\/180","targetHints":{"allow":["GET"]}}],"collection":[{"href":"https:\/\/moving2madrid.com\/fr\/wp-json\/wp\/v2\/pages"}],"about":[{"href":"https:\/\/moving2madrid.com\/fr\/wp-json\/wp\/v2\/types\/page"}],"author":[{"embeddable":true,"href":"https:\/\/moving2madrid.com\/fr\/wp-json\/wp\/v2\/users\/1"}],"replies":[{"embeddable":true,"href":"https:\/\/moving2madrid.com\/fr\/wp-json\/wp\/v2\/comments?post=180"}],"version-history":[{"count":0,"href":"https:\/\/moving2madrid.com\/fr\/wp-json\/wp\/v2\/pages\/180\/revisions"}],"wp:featuredmedia":[{"embeddable":true,"href":"https:\/\/moving2madrid.com\/fr\/wp-json\/wp\/v2\/media\/8320"}],"wp:attachment":[{"href":"https:\/\/moving2madrid.com\/fr\/wp-json\/wp\/v2\/media?parent=180"}],"curies":[{"name":"wp","href":"https:\/\/api.w.org\/{rel}","templated":true}]}}