{"id":5135,"date":"2014-06-20T13:19:27","date_gmt":"2014-06-20T11:19:27","guid":{"rendered":"http:\/\/moving2madrid.com\/?page_id=5135"},"modified":"2017-04-11T14:43:31","modified_gmt":"2017-04-11T14:43:31","slug":"comment-nous-vous-simplifions-vie-3-etapes","status":"publish","type":"page","link":"https:\/\/moving2madrid.com\/fr\/comment-nous-vous-simplifions-vie-3-etapes\/","title":{"rendered":"Comment nous vous simplifions la vie, en 3 \u00e9tapes"},"content":{"rendered":"<p>Comment faisons-nous pour faire de votre d\u00e9m\u00e9nagement la premi\u00e8re pierre d&rsquo;une nouvelle vie excitante, au lieu d&rsquo;une p\u00e9riode de transition stressante et complexe ?<\/p>\n<p>Nous restons simples et humains, afin qu&rsquo;en seulement 3 \u00e9tapes, vous puissiez profiter du style de vie unique de Madrid d\u00e8s votre arriv\u00e9e.<\/p>\n<h3><strong><span style=\"text-decoration: underline;\"><span style=\"color: #ff6600; text-decoration: underline;\">1. Pr\u00e9paration Initiale : nous traduirons votre mode de vie et vos besoins en langue madril\u00e8ne<\/span><br \/>\n<\/span><\/strong><\/h3>\n<ul>\n<li>Nous r\u00e9pondrons \u00e0 toutes vos questions pour que vous puissiez vous rendre compte que nous avons la r\u00e9ponse \u00e0 vos besoins<\/li>\n<li>Nous parlerons de votre style de vie, votre budget, vos trajets<\/li>\n<li>Votre agent Moving2Madrid traduira tout cela afin de l&rsquo;adapter \u00e0 la vie \u00e0 Madrid.<\/li>\n<\/ul>\n<h3><strong><span style=\"text-decoration: underline;\"><br \/>\n<span style=\"color: #ff6600; text-decoration: underline;\">2. Pr\u00e9paration du d\u00e9m\u00e9nagement &amp; Journ\u00e9e de visites : tout sera pr\u00eat pour que vous fassiez le bon choix<\/span><br \/>\n<\/span><\/strong><\/h3>\n<ul>\n<li>Votre agent Moving2Madrid s&rsquo;assurera que tous les aspects de votre d\u00e9m\u00e9nagement sont bien organis\u00e9s avant votre venue<\/li>\n<li>2 jours avant la journ\u00e9e de visites, vous recevrez un emploi du temps d\u00e9taill\u00e9 de vos visites avec leur localisations et des photos. Votre agent Moving2Madrid vous soutiendra et vous conseillera durant cette journ\u00e9e afin que vous choisissiez le meilleur logement et le meilleur quartier pour vous.<\/li>\n<\/ul>\n<h3><span style=\"text-decoration: underline; color: #ff6600;\"><strong><br \/>\n3. Emm\u00e9nagez et profitez de votre nouvelle vie \u00e0 Madrid<\/strong><\/span><\/h3>\n<ul>\n<li>Notre avocat (et notre architecte si vous achetez) v\u00e9rifiera les d\u00e9tails l\u00e9gaux et financiers et n\u00e9gociera le meilleur prix pour vous. Ceci est inclus dans notre prix et co\u00fbte environ 1% du prix du logement sur le march\u00e9<\/li>\n<li>Nous vous aiderons lors de votre installation, ainsi qu&rsquo;\u00e0 trouver le meilleur compte en banque en Espagne, et plus selon vos besoins<\/li>\n<li>Nous vous donnerons des conseils essentiels et des bonnes adresses pour bien d\u00e9marrer votre s\u00e9jour dans votre nouveau quartier et \u00e0 Madrid, et nous serons toujours dispos\u00e9s \u00e0 r\u00e9pondre \u00e0 vos questions !<\/li>\n<\/ul>\n<p><strong>Pour toute question, envoyez<a title=\"Send me an email with all your questions !\" href=\"mailto:email@moving2madrid.com\" target=\"_blank\"> un email \u00e0 nos sp\u00e9cialistes Pierre &amp; Hector<\/a> \u00e0 tout moment ou allez jeter un \u0153il \u00e0 la <a href=\"https:\/\/www.moving2madrid.com\/faq\/\" target=\"_blank\">FAQ.<\/a><\/strong><\/p>\n<p style=\"text-align: center;\"><strong>[button link=\u00a0\u00bbmailto:email@moving2madrid.com?&amp;amp;subject=I%20want%20to%20get%20a%20free%20Moving2Madrid%20consultation&amp;amp;body=I%20want%20to%20get%20a%20free%20Moving2Madrid%20consultation%20to%20answer%20all%20my%20questions%20and%20see%20what%20are%20the%20next%20steps%20.%20Please%20suggest%20a%20time%20and%20day%20.\u00a0\u00bb size=\u00a0\u00bbmedium\u00a0\u00bb color=\u00a0\u00bborange\u00a0\u00bb window=\u00a0\u00bbyes\u00a0\u00bb] Obtenez d\u00e8s maintenant votre consultation gratuite moving2madrid ! [\/button]<\/strong><\/p>\n","protected":false},"excerpt":{"rendered":"<p>Comment faisons-nous pour faire de votre d\u00e9m\u00e9nagement la premi\u00e8re pierre d&rsquo;une nouvelle vie excitante, au [&hellip;]<\/p>\n","protected":false},"author":1,"featured_media":0,"parent":0,"menu_order":0,"comment_status":"open","ping_status":"open","template":"","meta":{"_acf_changed":false,"footnotes":""},"class_list":["post-5135","page","type-page","status-publish","hentry"],"acf":[],"yoast_head":"<meta name=\"robots\" content=\"index, follow, max-snippet:-1, max-image-preview:large, max-video-preview:-1\" \/>\n<link rel=\"canonical\" href=\"https:\/\/moving2madrid.com\/fr\/comment-nous-vous-simplifions-vie-3-etapes\/\" \/>\n<meta property=\"og:locale\" content=\"fr_FR\" \/>\n<meta property=\"og:type\" content=\"article\" \/>\n<meta property=\"og:title\" content=\"Comment nous vous simplifions la vie, en 3 \u00e9tapes - Moving2Madrid\" \/>\n<meta property=\"og:description\" content=\"Comment faisons-nous pour faire de votre d\u00e9m\u00e9nagement la premi\u00e8re pierre d&rsquo;une nouvelle vie excitante, au [&hellip;]\" \/>\n<meta property=\"og:url\" content=\"https:\/\/moving2madrid.com\/fr\/comment-nous-vous-simplifions-vie-3-etapes\/\" \/>\n<meta property=\"og:site_name\" content=\"Moving2Madrid\" \/>\n<meta property=\"article:modified_time\" content=\"2017-04-11T14:43:31+00:00\" \/>\n<meta name=\"twitter:card\" content=\"summary_large_image\" \/>\n<script type=\"application\/ld+json\" class=\"yoast-schema-graph\">{\"@context\":\"https:\/\/schema.org\",\"@graph\":[{\"@type\":\"WebSite\",\"@id\":\"https:\/\/moving2madrid.com\/fr\/#website\",\"url\":\"https:\/\/moving2madrid.com\/fr\/\",\"name\":\"Moving2Madrid\",\"description\":\"Madrid Property Search &amp; Investment for Expats\",\"potentialAction\":[{\"@type\":\"SearchAction\",\"target\":\"https:\/\/moving2madrid.com\/fr\/?s={search_term_string}\",\"query-input\":\"required name=search_term_string\"}],\"inLanguage\":\"fr-FR\"},{\"@type\":\"WebPage\",\"@id\":\"https:\/\/moving2madrid.com\/fr\/comment-nous-vous-simplifions-vie-3-etapes\/#webpage\",\"url\":\"https:\/\/moving2madrid.com\/fr\/comment-nous-vous-simplifions-vie-3-etapes\/\",\"name\":\"Comment nous vous simplifions la vie, en 3 \\u00e9tapes - Moving2Madrid\",\"isPartOf\":{\"@id\":\"https:\/\/moving2madrid.com\/fr\/#website\"},\"datePublished\":\"2014-06-20T11:19:27+00:00\",\"dateModified\":\"2017-04-11T14:43:31+00:00\",\"inLanguage\":\"fr-FR\",\"potentialAction\":[{\"@type\":\"ReadAction\",\"target\":[\"https:\/\/moving2madrid.com\/fr\/comment-nous-vous-simplifions-vie-3-etapes\/\"]}]}]}<\/script>","_links":{"self":[{"href":"https:\/\/moving2madrid.com\/fr\/wp-json\/wp\/v2\/pages\/5135","targetHints":{"allow":["GET"]}}],"collection":[{"href":"https:\/\/moving2madrid.com\/fr\/wp-json\/wp\/v2\/pages"}],"about":[{"href":"https:\/\/moving2madrid.com\/fr\/wp-json\/wp\/v2\/types\/page"}],"author":[{"embeddable":true,"href":"https:\/\/moving2madrid.com\/fr\/wp-json\/wp\/v2\/users\/1"}],"replies":[{"embeddable":true,"href":"https:\/\/moving2madrid.com\/fr\/wp-json\/wp\/v2\/comments?post=5135"}],"version-history":[{"count":0,"href":"https:\/\/moving2madrid.com\/fr\/wp-json\/wp\/v2\/pages\/5135\/revisions"}],"wp:attachment":[{"href":"https:\/\/moving2madrid.com\/fr\/wp-json\/wp\/v2\/media?parent=5135"}],"curies":[{"name":"wp","href":"https:\/\/api.w.org\/{rel}","templated":true}]}}