{"id":5146,"date":"2014-06-20T14:52:43","date_gmt":"2014-06-20T12:52:43","guid":{"rendered":"http:\/\/moving2madrid.com\/?page_id=5146"},"modified":"2017-04-11T15:37:09","modified_gmt":"2017-04-11T15:37:09","slug":"votre-equipe","status":"publish","type":"page","link":"https:\/\/moving2madrid.com\/fr\/votre-equipe\/","title":{"rendered":"Votre \u00e9quipe"},"content":{"rendered":"<p>Nous formons une \u00e9quipe de 4 experts d\u00e9di\u00e9s \u00e0 plein temps aux d\u00e9m\u00e9nagements d&rsquo;expatri\u00e9s, tous internationaux, au moins trilingues, et nous nous sommes tous un jour retrouv\u00e9s dans votre situation : d\u00e9m\u00e9nager \u00e0 Madrid sans savoir exactement quoi faire. Pour que vous sachiez \u00e0 qui vous avez affaire, nous voici :<\/p>\n<h2>Pierre &#8211; Fondateur et Directeur<\/h2>\n<div>\n<h3><img loading=\"lazy\" decoding=\"async\" class=\"aligncenter\" src=\"https:\/\/moving2madrid.com\/wp-content\/uploads\/2016\/08\/Hector-Pierre-Linda-lanscape-under-1mb.jpg\" alt=\"Welcome !\" width=\"191\" height=\"288\" \/><\/h3>\n<\/div>\n<div>En 2010, j&rsquo;ai lanc\u00e9 Moving2Madrid parce que tous mes amis, et moi-m\u00eame, trouvions qu&rsquo;il \u00e9tait impossible qu&rsquo;une ville aussi g\u00e9niale soit si compliqu\u00e9e lorsque l&rsquo;on vient s&rsquo;y installer. Je suis franco-anglais, et j&rsquo;ai v\u00e9cu \u00e0 Paris, Nice, P\u00e9kin, Toronto, Londres, Barcelone, et apr\u00e8s de nombreux voyages, j&rsquo;ai finalement choisi Madrid. Dans une autre vie, j&rsquo;ai travaill\u00e9 comme consultant en strat\u00e9gie, dans plusieurs pays, principalement chez Accenture. J&rsquo;adore voyager, aider les entrepreneurs, danser la salsa et la bachata.<\/div>\n<div>\n<h3>Hector &#8211; Notre Coach en d\u00e9m\u00e9nagement<\/h3>\n<p>\u00c9lev\u00e9 \u00e0 New York, je sais exactement l&rsquo;effet que \u00e7a fait de venir \u00e0 Madrid et de se sentir frustr\u00e9 par l&rsquo;exp\u00e9rience du d\u00e9m\u00e9nagement. C&rsquo;est pr\u00e9cis\u00e9ment ce que j&rsquo;essaie de changer ! Apr\u00e8s des ann\u00e9es pass\u00e9es en corporate business development et un master en relations internationales,  je souhaite avoir un impact positif dans la vie des gens internationaux comme nous et qui d\u00e9m\u00e9nagent souvent.<\/p>\n<p>&nbsp;<\/p>\n<h3><\/h3>\n<h3>Ben &#8211; Notre chercheur d&rsquo;or<\/h3>\n<p>[twitter_follow username=\u00a0\u00bbtwitter.com\/Benpalizban\u00a0\u00bb language=\u00a0\u00bben\u00a0\u00bb]<\/p>\n<p><img decoding=\"async\" class=\"aligncenter\" src=\"https:\/\/webhost01.itencore.net\/roundcube\/?_nocheck=1&amp;_embed=1&amp;_mimewarning=1&amp;_part=4&amp;_uid=253&amp;_mbox=INBOX&amp;_action=get&amp;_task=mail\" alt=\"https:\/\/webhost01.itencore.net\/roundcube\/?_nocheck=1&amp;_embed=1&amp;_mimewarning=1&amp;_part=4&amp;_uid=253&amp;_mbox=INBOX&amp;_action=get&amp;_task=mail\" \/><\/p>\n<\/div>\n<div><\/div>\n<div>N\u00e9 en Italie, aux origines perses, j&rsquo;ai \u00e9tudi\u00e9 aux \u00c9tats-Unis, travaill\u00e9 en Argentine et surf\u00e9 au Br\u00e9sil !<\/div>\n<div><\/div>\n<div>Que dire&#8230; J&rsquo;adore les langues ! Qui m&rsquo;ont bien servies lors de mes voyages ou mes diff\u00e9rentes exp\u00e9riences professionnelles \u00e0 l&rsquo;\u00e9tranger. Maintenant je vis comme dans un r\u00eave \u00e0 Madrid, notre ville bien-aim\u00e9e et j&rsquo;ai h\u00e2te de vous montrer les secrets cach\u00e9s de cette capitale.<\/div>\n<div><\/div>\n<div>Mes passions sont le Tennis, la Cuisine et le Yoga.<\/div>\n<h3>Milene &#8211; Notre Coach en d\u00e9m\u00e9nagement \u00e0 Sao Paulo<\/h3>\n<div>\n<p>M\u00e8re de deux petits gar\u00e7ons, j&rsquo;ai plus de 10 ans d&rsquo;exp\u00e9rience en tant que consultante pour des grandes entreprises.<\/p>\n<p>J&rsquo;ai une passion pour les voyages, avec ou sans mes enfants. Je suis tr\u00e8s sociable et j&rsquo;aime d\u00e9couvrir de nouvelles cultures ou modes de vies mais par-dessus tout j&rsquo;aime r\u00e9soudre les probl\u00e8mes. Je ne saurai vous d\u00e9crire ma joie lorsque j&rsquo;arrive \u00e0 faire la diff\u00e9rence, en particulier pour des \u00e9trangers.<\/p>\n<p>Je me sens chez moi partout o\u00f9 j&rsquo;ai de bons souvenirs, des amis avec qui je peux rigoler sans fin.<\/p>\n<p>Apr\u00e8s 7 ann\u00e9es pass\u00e9es \u00e0 Madrid, la vie m&rsquo;a donn\u00e9 l&rsquo;opportunit\u00e9 d&rsquo;aider les \u00e9trangers dans ma ville natale, Sao Paulo. Au plaisir de travailler avec vous et de vous \u00eatre aussi utile que possible dans cette ville pleine de folie et de passion.<\/p>\n<\/div>\n<div><\/div>\n<div><\/div>\n<div>[button link=\u00a0\u00bbmailto:email@moving2madrid.com?&amp;amp;subject=Je%20souhaite%20obtenir%20une%20consultation%2gratuite.\u00a0\u00bb size=\u00a0\u00bbmedium\u00a0\u00bb color=\u00a0\u00bborange\u00a0\u00bb window=\u00a0\u00bbyes\u00a0\u00bb] Consultation Gratuite [\/button]<\/div>\n<p><!--more--><\/p>\n","protected":false},"excerpt":{"rendered":"<p>Nous formons une \u00e9quipe de 4 experts d\u00e9di\u00e9s \u00e0 plein temps aux d\u00e9m\u00e9nagements d&rsquo;expatri\u00e9s, tous [&hellip;]<\/p>\n","protected":false},"author":1,"featured_media":0,"parent":0,"menu_order":0,"comment_status":"open","ping_status":"closed","template":"","meta":{"_acf_changed":false,"footnotes":""},"class_list":["post-5146","page","type-page","status-publish","hentry"],"acf":[],"yoast_head":"<meta name=\"robots\" content=\"index, follow, max-snippet:-1, max-image-preview:large, max-video-preview:-1\" \/>\n<link rel=\"canonical\" href=\"https:\/\/moving2madrid.com\/fr\/votre-equipe\/\" \/>\n<meta property=\"og:locale\" content=\"fr_FR\" \/>\n<meta property=\"og:type\" content=\"article\" \/>\n<meta property=\"og:title\" content=\"Votre \u00e9quipe - Moving2Madrid\" \/>\n<meta property=\"og:description\" content=\"Nous formons une \u00e9quipe de 4 experts d\u00e9di\u00e9s \u00e0 plein temps aux d\u00e9m\u00e9nagements d&rsquo;expatri\u00e9s, tous [&hellip;]\" \/>\n<meta property=\"og:url\" content=\"https:\/\/moving2madrid.com\/fr\/votre-equipe\/\" \/>\n<meta property=\"og:site_name\" content=\"Moving2Madrid\" \/>\n<meta property=\"article:modified_time\" content=\"2017-04-11T15:37:09+00:00\" \/>\n<meta property=\"og:image\" content=\"http:\/\/moving2madrid.com\/wp-content\/uploads\/2016\/08\/Hector-Pierre-Linda-lanscape-under-1mb.jpg\" \/>\n<meta name=\"twitter:card\" content=\"summary_large_image\" \/>\n<script type=\"application\/ld+json\" class=\"yoast-schema-graph\">{\"@context\":\"https:\/\/schema.org\",\"@graph\":[{\"@type\":\"WebSite\",\"@id\":\"https:\/\/moving2madrid.com\/fr\/#website\",\"url\":\"https:\/\/moving2madrid.com\/fr\/\",\"name\":\"Moving2Madrid\",\"description\":\"Madrid Property Search &amp; Investment for Expats\",\"potentialAction\":[{\"@type\":\"SearchAction\",\"target\":\"https:\/\/moving2madrid.com\/fr\/?s={search_term_string}\",\"query-input\":\"required name=search_term_string\"}],\"inLanguage\":\"fr-FR\"},{\"@type\":\"ImageObject\",\"@id\":\"https:\/\/moving2madrid.com\/fr\/votre-equipe\/#primaryimage\",\"inLanguage\":\"fr-FR\",\"url\":\"https:\/\/moving2madrid.com\/wp-content\/uploads\/2016\/08\/Hector-Pierre-Linda-lanscape-under-1mb.jpg\",\"width\":1500,\"height\":950},{\"@type\":\"WebPage\",\"@id\":\"https:\/\/moving2madrid.com\/fr\/votre-equipe\/#webpage\",\"url\":\"https:\/\/moving2madrid.com\/fr\/votre-equipe\/\",\"name\":\"Votre \\u00e9quipe - Moving2Madrid\",\"isPartOf\":{\"@id\":\"https:\/\/moving2madrid.com\/fr\/#website\"},\"primaryImageOfPage\":{\"@id\":\"https:\/\/moving2madrid.com\/fr\/votre-equipe\/#primaryimage\"},\"datePublished\":\"2014-06-20T12:52:43+00:00\",\"dateModified\":\"2017-04-11T15:37:09+00:00\",\"inLanguage\":\"fr-FR\",\"potentialAction\":[{\"@type\":\"ReadAction\",\"target\":[\"https:\/\/moving2madrid.com\/fr\/votre-equipe\/\"]}]}]}<\/script>","_links":{"self":[{"href":"https:\/\/moving2madrid.com\/fr\/wp-json\/wp\/v2\/pages\/5146","targetHints":{"allow":["GET"]}}],"collection":[{"href":"https:\/\/moving2madrid.com\/fr\/wp-json\/wp\/v2\/pages"}],"about":[{"href":"https:\/\/moving2madrid.com\/fr\/wp-json\/wp\/v2\/types\/page"}],"author":[{"embeddable":true,"href":"https:\/\/moving2madrid.com\/fr\/wp-json\/wp\/v2\/users\/1"}],"replies":[{"embeddable":true,"href":"https:\/\/moving2madrid.com\/fr\/wp-json\/wp\/v2\/comments?post=5146"}],"version-history":[{"count":0,"href":"https:\/\/moving2madrid.com\/fr\/wp-json\/wp\/v2\/pages\/5146\/revisions"}],"wp:attachment":[{"href":"https:\/\/moving2madrid.com\/fr\/wp-json\/wp\/v2\/media?parent=5146"}],"curies":[{"name":"wp","href":"https:\/\/api.w.org\/{rel}","templated":true}]}}