{"id":5157,"date":"2014-06-20T16:20:51","date_gmt":"2014-06-20T14:20:51","guid":{"rendered":"http:\/\/moving2madrid.com\/?page_id=5157"},"modified":"2014-06-20T16:20:51","modified_gmt":"2014-06-20T14:20:51","slug":"tarifs","status":"publish","type":"page","link":"https:\/\/moving2madrid.com\/fr\/tarifs\/","title":{"rendered":"Tarifs"},"content":{"rendered":"<p style=\"text-align: center;\">Donc, quels sont les frais pour commencer sa nouvelle vie \u00e0 Madrid sans pr\u00e9occupation ?<\/p>\n<p style=\"text-align: center;\"><a href=\"https:\/\/moving2madrid.com\/wp-content\/uploads\/2012\/03\/MG_9945.jpg\"><img loading=\"lazy\" decoding=\"async\" class=\" wp-image-1540 aligncenter\" title=\"Our fees - Relocation and Real Estate search services\" src=\"https:\/\/moving2madrid.com\/wp-content\/uploads\/2012\/03\/MG_9945.jpg\" alt=\"Our fees - Relocation and Real Estate search services\" width=\"384\" height=\"256\" srcset=\"https:\/\/moving2madrid.com\/wp-content\/uploads\/2012\/03\/MG_9945.jpg 640w, https:\/\/moving2madrid.com\/wp-content\/uploads\/2012\/03\/MG_9945-300x200.jpg 300w, https:\/\/moving2madrid.com\/wp-content\/uploads\/2012\/03\/MG_9945-125x83.jpg 125w\" sizes=\"auto, (max-width: 384px) 100vw, 384px\" \/><\/a><\/p>\n<h2><span style=\"color: #ff6600;\">Tarifs<\/span><\/h2>\n<ul>\n<li><strong>Vente :<\/strong>\n<ul>\n<li>4% du prix final de vente.<\/li>\n<li>Ou 15% de la baisse n\u00e9goci\u00e9e entre la demande et le prix final, quelque soit le montant.<\/li>\n<\/ul>\n<\/li>\n<li><strong>Location :<\/strong>\n<ul>\n<li>1 mois de location.<\/li>\n<\/ul>\n<\/li>\n<\/ul>\n<ul>\n<li>Tous les prix sont sujets \u00e0 la TVA espagnole de 21%.<\/li>\n<\/ul>\n<h2><span class=\"wp-has-submenu wp-not-current-submenu menu-top menu-icon-plugins\"><span style=\"color: #ff6600;\"><br \/>\nDossier de recherche initiale.<br \/>\n<\/span><\/span><\/h2>\n<ul>\n<li>500 \u20ac.<\/li>\n<li>Payable lors de la commande.<\/li>\n<li>Enti\u00e8rement d\u00e9duit de vos frais une fois la propri\u00e9t\u00e9 trouv\u00e9e.<\/li>\n<li>Comprend 3 mois de recherche pour identifier les besoins, les quartiers, les styles de propri\u00e9t\u00e9s, renouvelable si besoin.<\/li>\n<\/ul>\n<p>Pour consulter nos recommandations, lisez notre page\u00a0<span style=\"color: #1155cc;\" data-sheets-value=\"[null,2,&quot;\\u00e0 propos&quot;]\" data-sheets-userformat=\"[null,null,1049089,[null,0],null,null,null,null,null,null,null,null,0,null,null,null,null,null,null,null,null,null,null,1]\" data-sheets-formula=\"=HYPERLINK(&quot;https:\/\/moving2madrid.com\/fr\/lentreprise-de-recherche-de-propriete-a-madrid\/&quot;;&quot;\u00e0 propos&quot;)\"><a class=\"in-cell-link\" href=\"https:\/\/moving2madrid.com\/fr\/lentreprise-de-recherche-de-propriete-a-madrid\/\" target=\"_blank\">\u00e0 propos<\/a>,\u00a0<span style=\"color: #333333;\">avec les liens disponibles pour v\u00e9rifier les recommandations.<\/span><\/span><\/p>\n<h2><span style=\"color: #ff6600;\">Nous garantissons votre recherche de propri\u00e9t\u00e9 \u00e0 Madrid de fa\u00e7on zen.<br \/>\n<\/span><\/h2>\n<ul>\n<li>Nous minimisons le temps pass\u00e9 \u00e0 rechercher.<\/li>\n<li>Nous n\u00e9gocions \u00e0 vos c\u00f4t\u00e9s pour vous garantir les meilleurs prix et termes possibles de l&rsquo;accord.<\/li>\n<li>Nous r\u00e9pondons \u00e0 toutes vos questions, sur tous les sujets, m\u00eame apr\u00e8s la \u00a0fin de la p\u00e9riode de contrat.<\/li>\n<\/ul>\n<p>Pour toute question, envoyez nous simplement un\u00a0<strong><a title=\"Send me an email with all your questions !\" href=\"mailto:email@moving2madrid.com\" target=\"_blank\">email<\/a>\u00a0\u00e0 tout moment !<\/strong><\/p>\n<p>&nbsp;<\/p>\n<p style=\"text-align: center;\">\n","protected":false},"excerpt":{"rendered":"<p>Donc, quels sont les frais pour commencer sa nouvelle vie \u00e0 Madrid sans pr\u00e9occupation ? [&hellip;]<\/p>\n","protected":false},"author":1,"featured_media":0,"parent":0,"menu_order":0,"comment_status":"open","ping_status":"open","template":"","meta":{"_acf_changed":false,"footnotes":""},"class_list":["post-5157","page","type-page","status-publish","hentry"],"acf":[],"yoast_head":"<meta name=\"robots\" content=\"index, follow, max-snippet:-1, max-image-preview:large, max-video-preview:-1\" \/>\n<link rel=\"canonical\" href=\"https:\/\/moving2madrid.com\/fr\/tarifs\/\" \/>\n<meta property=\"og:locale\" content=\"fr_FR\" \/>\n<meta property=\"og:type\" content=\"article\" \/>\n<meta property=\"og:title\" content=\"Tarifs - Moving2Madrid\" \/>\n<meta property=\"og:description\" content=\"Donc, quels sont les frais pour commencer sa nouvelle vie \u00e0 Madrid sans pr\u00e9occupation ? [&hellip;]\" \/>\n<meta property=\"og:url\" content=\"https:\/\/moving2madrid.com\/fr\/tarifs\/\" \/>\n<meta property=\"og:site_name\" content=\"Moving2Madrid\" \/>\n<meta property=\"og:image\" content=\"http:\/\/moving2madrid.com\/wp-content\/uploads\/2012\/03\/MG_9945.jpg\" \/>\n<meta name=\"twitter:card\" content=\"summary_large_image\" \/>\n<script type=\"application\/ld+json\" class=\"yoast-schema-graph\">{\"@context\":\"https:\/\/schema.org\",\"@graph\":[{\"@type\":\"WebSite\",\"@id\":\"https:\/\/moving2madrid.com\/fr\/#website\",\"url\":\"https:\/\/moving2madrid.com\/fr\/\",\"name\":\"Moving2Madrid\",\"description\":\"Madrid Property Search &amp; Investment for Expats\",\"potentialAction\":[{\"@type\":\"SearchAction\",\"target\":\"https:\/\/moving2madrid.com\/fr\/?s={search_term_string}\",\"query-input\":\"required name=search_term_string\"}],\"inLanguage\":\"fr-FR\"},{\"@type\":\"ImageObject\",\"@id\":\"https:\/\/moving2madrid.com\/fr\/tarifs\/#primaryimage\",\"inLanguage\":\"fr-FR\",\"url\":\"https:\/\/moving2madrid.com\/wp-content\/uploads\/2012\/03\/MG_9945.jpg\",\"width\":640,\"height\":427,\"caption\":\"Moving2Madrid Property Search\"},{\"@type\":\"WebPage\",\"@id\":\"https:\/\/moving2madrid.com\/fr\/tarifs\/#webpage\",\"url\":\"https:\/\/moving2madrid.com\/fr\/tarifs\/\",\"name\":\"Tarifs - Moving2Madrid\",\"isPartOf\":{\"@id\":\"https:\/\/moving2madrid.com\/fr\/#website\"},\"primaryImageOfPage\":{\"@id\":\"https:\/\/moving2madrid.com\/fr\/tarifs\/#primaryimage\"},\"datePublished\":\"2014-06-20T14:20:51+00:00\",\"dateModified\":\"2014-06-20T14:20:51+00:00\",\"inLanguage\":\"fr-FR\",\"potentialAction\":[{\"@type\":\"ReadAction\",\"target\":[\"https:\/\/moving2madrid.com\/fr\/tarifs\/\"]}]}]}<\/script>","_links":{"self":[{"href":"https:\/\/moving2madrid.com\/fr\/wp-json\/wp\/v2\/pages\/5157","targetHints":{"allow":["GET"]}}],"collection":[{"href":"https:\/\/moving2madrid.com\/fr\/wp-json\/wp\/v2\/pages"}],"about":[{"href":"https:\/\/moving2madrid.com\/fr\/wp-json\/wp\/v2\/types\/page"}],"author":[{"embeddable":true,"href":"https:\/\/moving2madrid.com\/fr\/wp-json\/wp\/v2\/users\/1"}],"replies":[{"embeddable":true,"href":"https:\/\/moving2madrid.com\/fr\/wp-json\/wp\/v2\/comments?post=5157"}],"version-history":[{"count":0,"href":"https:\/\/moving2madrid.com\/fr\/wp-json\/wp\/v2\/pages\/5157\/revisions"}],"wp:attachment":[{"href":"https:\/\/moving2madrid.com\/fr\/wp-json\/wp\/v2\/media?parent=5157"}],"curies":[{"name":"wp","href":"https:\/\/api.w.org\/{rel}","templated":true}]}}